{"id":75,"date":"2019-05-29T07:58:02","date_gmt":"2019-05-29T07:58:02","guid":{"rendered":"https:\/\/grevkafi.org\/?page_id=75"},"modified":"2025-05-19T00:33:49","modified_gmt":"2025-05-18T21:33:49","slug":"collection","status":"publish","type":"page","link":"https:\/\/grevkafi.org\/ru\/collection\/","title":{"rendered":"Colec\u021bia de art\u0103"},"content":{"rendered":"\t\t<div data-elementor-type=\"wp-post\" data-elementor-id=\"75\" class=\"elementor elementor-75\">\n\t\t\t\t\t\t<section class=\"elementor-section elementor-top-section elementor-element elementor-element-b597d23 elementor-section-boxed elementor-section-height-default elementor-section-height-default\" data-id=\"b597d23\" data-element_type=\"section\">\n\t\t\t\t\t\t<div class=\"elementor-container elementor-column-gap-extended\">\n\t\t\t\t\t<div class=\"elementor-column elementor-col-100 elementor-top-column elementor-element elementor-element-2b9cdfa sc_inner_width_none sc_content_align_inherit sc_layouts_column_icons_position_left\" data-id=\"2b9cdfa\" data-element_type=\"column\">\n\t\t\t<div class=\"elementor-widget-wrap elementor-element-populated\">\n\t\t\t\t\t\t<div class=\"elementor-element elementor-element-4402a12 animation_type_block sc_fly_static elementor-widget elementor-widget-trx_sc_title\" data-id=\"4402a12\" data-element_type=\"widget\" data-widget_type=\"trx_sc_title.default\">\n\t\t\t\t<div class=\"elementor-widget-container\">\n\t\t\t\t\t<div id=\"trx_sc_title_834856206\"\n\t\tclass=\"sc_title sc_title_decoration\"><h2 class=\"sc_item_title sc_title_title sc_item_title_style_decoration sc_item_title_tag\"><span class=\"sc_item_title_text\">Colec\u021bia de art\u0103<\/span><\/h2><span class=\"sc_item_subtitle sc_title_subtitle sc_item_subtitle_below sc_item_title_style_decoration\">Universul simbolist al pictorilor Grev Kafi<\/span><\/div><!-- \/.sc_title -->\t\t\t\t<\/div>\n\t\t\t\t<\/div>\n\t\t\t\t<div class=\"elementor-element elementor-element-0adf52b sc_height_medium animation_type_block sc_fly_static elementor-widget elementor-widget-spacer\" data-id=\"0adf52b\" data-element_type=\"widget\" data-widget_type=\"spacer.default\">\n\t\t\t\t<div class=\"elementor-widget-container\">\n\t\t\t\t\t\t\t<div class=\"elementor-spacer\">\n\t\t\t<div class=\"elementor-spacer-inner\"><\/div>\n\t\t<\/div>\n\t\t\t\t\t\t<\/div>\n\t\t\t\t<\/div>\n\t\t\t\t<div class=\"elementor-element elementor-element-fdc561f animation_type_block sc_fly_static elementor-widget elementor-widget-text-editor\" data-id=\"fdc561f\" data-element_type=\"widget\" data-widget_type=\"text-editor.default\">\n\t\t\t\t<div class=\"elementor-widget-container\">\n\t\t\t\t\t\t\t\t\t<p class=\"p1\">Colec\u021bia de art\u0103 a Muzeului Grev Kafi reflect\u0103 un <b>univers simbolist complex<\/b>, o sintez\u0103 original\u0103 \u00eentre idei filosofice, inspira\u021bie spiritual\u0103 \u0219i m\u0103iestrie plastic\u0103. Toate lucr\u0103rile sunt realizate de cuplul artistic <b>Evdochia Fidelscaia \u0219i Grigorie Cabacin\u00eei<\/b>, reuni\u021bi sub pseudonimul <b>Grev Kafi<\/b>, \u00eentr-o colaborare unic\u0103, denumit\u0103 de ei \u00een\u0219i\u0219i <i>\u201etehnica celor patru m\u00e2ini\u201d<\/i>.<\/p><p class=\"p1\">Lucr\u0103rile cuprind <b>picturi \u00een ulei, gua\u0219\u0103, tempera, desen \u00een creion \u0219i c\u0103rbune<\/b>, fiecare av\u00e2nd o identitate proprie, dar toate exprim\u00e2nd o <b>viziune unificatoare asupra lumii<\/b>: aceea c\u0103 realitatea este plin\u0103 de simboluri, iar arta este calea prin care omul se apropie de sensul vie\u021bii.<\/p>\t\t\t\t\t\t\t\t<\/div>\n\t\t\t\t<\/div>\n\t\t\t\t<div class=\"elementor-element elementor-element-0e22438 sc_height_medium animation_type_block sc_fly_static elementor-widget elementor-widget-spacer\" data-id=\"0e22438\" data-element_type=\"widget\" data-widget_type=\"spacer.default\">\n\t\t\t\t<div class=\"elementor-widget-container\">\n\t\t\t\t\t\t\t<div class=\"elementor-spacer\">\n\t\t\t<div class=\"elementor-spacer-inner\"><\/div>\n\t\t<\/div>\n\t\t\t\t\t\t<\/div>\n\t\t\t\t<\/div>\n\t\t\t\t\t<\/div>\n\t\t<\/div>\n\t\t\t\t\t<\/div>\n\t\t<\/section>\n\t\t\t\t<section class=\"elementor-section elementor-top-section elementor-element elementor-element-f9c1ec5 elementor-section-boxed elementor-section-height-default elementor-section-height-default\" data-id=\"f9c1ec5\" data-element_type=\"section\">\n\t\t\t\t\t\t<div class=\"elementor-container elementor-column-gap-extended\">\n\t\t\t\t\t<div class=\"elementor-column elementor-col-100 elementor-top-column elementor-element elementor-element-73c54a9 sc_inner_width_none sc_content_align_inherit sc_layouts_column_icons_position_left\" data-id=\"73c54a9\" data-element_type=\"column\">\n\t\t\t<div class=\"elementor-widget-wrap elementor-element-populated\">\n\t\t\t\t\t\t<div class=\"elementor-element elementor-element-cbf98ea animation_type_block sc_fly_static elementor-widget elementor-widget-trx_sc_title\" data-id=\"cbf98ea\" data-element_type=\"widget\" data-widget_type=\"trx_sc_title.default\">\n\t\t\t\t<div class=\"elementor-widget-container\">\n\t\t\t\t\t<div id=\"trx_sc_title_737037141\"\n\t\tclass=\"sc_title sc_title_decoration extra_vision\"><h3 class=\"sc_item_title sc_title_title sc_item_title_style_decoration sc_item_title_tag\"><span class=\"sc_item_title_text\">\u2726 Simbolismul ca limbaj universal<\/span><\/h3><\/div><!-- \/.sc_title -->\t\t\t\t<\/div>\n\t\t\t\t<\/div>\n\t\t\t\t<div class=\"elementor-element elementor-element-3b89346 sc_height_tiny animation_type_block sc_fly_static elementor-widget elementor-widget-spacer\" data-id=\"3b89346\" data-element_type=\"widget\" data-widget_type=\"spacer.default\">\n\t\t\t\t<div class=\"elementor-widget-container\">\n\t\t\t\t\t\t\t<div class=\"elementor-spacer\">\n\t\t\t<div class=\"elementor-spacer-inner\"><\/div>\n\t\t<\/div>\n\t\t\t\t\t\t<\/div>\n\t\t\t\t<\/div>\n\t\t\t\t<div class=\"elementor-element elementor-element-990f662 animation_type_block sc_fly_static elementor-widget elementor-widget-text-editor\" data-id=\"990f662\" data-element_type=\"widget\" data-widget_type=\"text-editor.default\">\n\t\t\t\t<div class=\"elementor-widget-container\">\n\t\t\t\t\t\t\t\t\t<p class=\"p1\">Simbolismul este firul ro\u0219u care une\u0219te \u00eentreaga colec\u021bie. Fiecare tablou este o <b>medita\u021bie vizual\u0103<\/b>, o invita\u021bie la introspec\u021bie \u0219i la descifrarea mesajului ascuns. Lucr\u0103rile Grev Kafi nu redau doar forme \u0219i peisaje, ci <b>idei, st\u0103ri, idealuri, mituri \u0219i viziuni religioase \u0219i spirituale<\/b>.<\/p><p class=\"p1\">Simboluri precum:<\/p><ul class=\"ul1\"><li class=\"li1\"><b>cercul, crucea, arborele vie\u021bii, muntele, apa, norii, flac\u0103ra, soarele, luna, femeia divin\u0103<\/b> apar recurent, \u00een compozi\u021bii care combin\u0103 tradi\u021biile <b>cre\u0219tine, orientale, antice \u0219i mistice<\/b>.<\/li><\/ul>\t\t\t\t\t\t\t\t<\/div>\n\t\t\t\t<\/div>\n\t\t\t\t<div class=\"elementor-element elementor-element-e451292 sc_height_small animation_type_block sc_fly_static elementor-widget elementor-widget-spacer\" data-id=\"e451292\" data-element_type=\"widget\" data-widget_type=\"spacer.default\">\n\t\t\t\t<div class=\"elementor-widget-container\">\n\t\t\t\t\t\t\t<div class=\"elementor-spacer\">\n\t\t\t<div class=\"elementor-spacer-inner\"><\/div>\n\t\t<\/div>\n\t\t\t\t\t\t<\/div>\n\t\t\t\t<\/div>\n\t\t\t\t\t<\/div>\n\t\t<\/div>\n\t\t\t\t\t<\/div>\n\t\t<\/section>\n\t\t\t\t<section class=\"elementor-section elementor-top-section elementor-element elementor-element-8d93962 elementor-section-boxed elementor-section-height-default elementor-section-height-default\" data-id=\"8d93962\" data-element_type=\"section\">\n\t\t\t\t\t\t<div class=\"elementor-container elementor-column-gap-extended\">\n\t\t\t\t\t<div class=\"elementor-column elementor-col-100 elementor-top-column elementor-element elementor-element-dcfadf0 sc_inner_width_none sc_content_align_inherit sc_layouts_column_icons_position_left\" data-id=\"dcfadf0\" data-element_type=\"column\">\n\t\t\t<div class=\"elementor-widget-wrap elementor-element-populated\">\n\t\t\t\t\t\t<div class=\"elementor-element elementor-element-a134591 animation_type_block sc_fly_static elementor-widget elementor-widget-trx_sc_title\" data-id=\"a134591\" data-element_type=\"widget\" data-widget_type=\"trx_sc_title.default\">\n\t\t\t\t<div class=\"elementor-widget-container\">\n\t\t\t\t\t<div id=\"trx_sc_title_2051150459\"\n\t\tclass=\"sc_title sc_title_decoration extra_vision\"><h3 class=\"sc_item_title sc_title_title sc_item_title_style_decoration sc_item_title_tag\"><span class=\"sc_item_title_text\">\u2726 Tipuri de lucr\u0103ri<\/span><\/h3><\/div><!-- \/.sc_title -->\t\t\t\t<\/div>\n\t\t\t\t<\/div>\n\t\t\t\t<div class=\"elementor-element elementor-element-7afe7fa sc_height_tiny animation_type_block sc_fly_static elementor-widget elementor-widget-spacer\" data-id=\"7afe7fa\" data-element_type=\"widget\" data-widget_type=\"spacer.default\">\n\t\t\t\t<div class=\"elementor-widget-container\">\n\t\t\t\t\t\t\t<div class=\"elementor-spacer\">\n\t\t\t<div class=\"elementor-spacer-inner\"><\/div>\n\t\t<\/div>\n\t\t\t\t\t\t<\/div>\n\t\t\t\t<\/div>\n\t\t\t\t<div class=\"elementor-element elementor-element-39982c2 animation_type_block sc_fly_static elementor-widget elementor-widget-text-editor\" data-id=\"39982c2\" data-element_type=\"widget\" data-widget_type=\"text-editor.default\">\n\t\t\t\t<div class=\"elementor-widget-container\">\n\t\t\t\t\t\t\t\t\t<p class=\"p1\">Colec\u021bia este organizat\u0103 tematic \u0219i tehnic:<\/p><ul class=\"ul1\"><li class=\"li1\"><b>Peisaje simbolice<\/b>: reinterpret\u0103ri poetice ale spa\u021biilor moldovene\u0219ti, montane sau sacre<\/li><li class=\"li1\"><b>Natur\u0103 static\u0103<\/b>: obiecte \u00eenc\u0103rcate de sensuri ascunse<\/li><li class=\"li1\"><b>Compozi\u021bii spirituale<\/b>: scene mistice, mitologice, cre\u0219tine sau alegorice<\/li><li class=\"li1\"><b>Studii interioare<\/b>: figuri umane sau arhetipuri psihologice, redate \u00een limbajul simbolurilor<\/li><\/ul>\t\t\t\t\t\t\t\t<\/div>\n\t\t\t\t<\/div>\n\t\t\t\t<div class=\"elementor-element elementor-element-e74f2f8 sc_height_small animation_type_block sc_fly_static elementor-widget elementor-widget-spacer\" data-id=\"e74f2f8\" data-element_type=\"widget\" data-widget_type=\"spacer.default\">\n\t\t\t\t<div class=\"elementor-widget-container\">\n\t\t\t\t\t\t\t<div class=\"elementor-spacer\">\n\t\t\t<div class=\"elementor-spacer-inner\"><\/div>\n\t\t<\/div>\n\t\t\t\t\t\t<\/div>\n\t\t\t\t<\/div>\n\t\t\t\t\t<\/div>\n\t\t<\/div>\n\t\t\t\t\t<\/div>\n\t\t<\/section>\n\t\t\t\t<section class=\"elementor-section elementor-top-section elementor-element elementor-element-fd02115 elementor-section-boxed elementor-section-height-default elementor-section-height-default\" data-id=\"fd02115\" data-element_type=\"section\">\n\t\t\t\t\t\t<div class=\"elementor-container elementor-column-gap-extended\">\n\t\t\t\t\t<div class=\"elementor-column elementor-col-100 elementor-top-column elementor-element elementor-element-d77f517 sc_inner_width_none sc_content_align_inherit sc_layouts_column_icons_position_left\" data-id=\"d77f517\" data-element_type=\"column\">\n\t\t\t<div class=\"elementor-widget-wrap elementor-element-populated\">\n\t\t\t\t\t\t<div class=\"elementor-element elementor-element-097ee65 animation_type_block sc_fly_static elementor-widget elementor-widget-trx_sc_title\" data-id=\"097ee65\" data-element_type=\"widget\" data-widget_type=\"trx_sc_title.default\">\n\t\t\t\t<div class=\"elementor-widget-container\">\n\t\t\t\t\t<div id=\"trx_sc_title_446379909\"\n\t\tclass=\"sc_title sc_title_decoration extra_vision\"><h3 class=\"sc_item_title sc_title_title sc_item_title_style_decoration sc_item_title_tag\"><span class=\"sc_item_title_text\">\u2726 Invita\u021bie la contemplare<\/span><\/h3><\/div><!-- \/.sc_title -->\t\t\t\t<\/div>\n\t\t\t\t<\/div>\n\t\t\t\t<div class=\"elementor-element elementor-element-483ece1 sc_height_tiny animation_type_block sc_fly_static elementor-widget elementor-widget-spacer\" data-id=\"483ece1\" data-element_type=\"widget\" data-widget_type=\"spacer.default\">\n\t\t\t\t<div class=\"elementor-widget-container\">\n\t\t\t\t\t\t\t<div class=\"elementor-spacer\">\n\t\t\t<div class=\"elementor-spacer-inner\"><\/div>\n\t\t<\/div>\n\t\t\t\t\t\t<\/div>\n\t\t\t\t<\/div>\n\t\t\t\t<div class=\"elementor-element elementor-element-6251bc6 animation_type_block sc_fly_static elementor-widget elementor-widget-text-editor\" data-id=\"6251bc6\" data-element_type=\"widget\" data-widget_type=\"text-editor.default\">\n\t\t\t\t<div class=\"elementor-widget-container\">\n\t\t\t\t\t\t\t\t\t<p class=\"p1\">Colec\u021bia Muzeului Grev Kafi nu este doar un fond artistic de patrimoniu, ci \u0219i <b>o hart\u0103 a sufletului uman<\/b>, o galerie de reflec\u021bii vizuale asupra sensului vie\u021bii, luminii interioare \u0219i armoniei universale. Fiecare vizitator este invitat s\u0103 contemple, s\u0103 simt\u0103, s\u0103 interpreteze &#8212; \u0219i s\u0103 descopere \u00een picturi <b>ceva profund personal<\/b>.<\/p>\t\t\t\t\t\t\t\t<\/div>\n\t\t\t\t<\/div>\n\t\t\t\t<div class=\"elementor-element elementor-element-364cc91 sc_height_small animation_type_block sc_fly_static elementor-widget elementor-widget-spacer\" data-id=\"364cc91\" data-element_type=\"widget\" data-widget_type=\"spacer.default\">\n\t\t\t\t<div class=\"elementor-widget-container\">\n\t\t\t\t\t\t\t<div class=\"elementor-spacer\">\n\t\t\t<div class=\"elementor-spacer-inner\"><\/div>\n\t\t<\/div>\n\t\t\t\t\t\t<\/div>\n\t\t\t\t<\/div>\n\t\t\t\t\t<\/div>\n\t\t<\/div>\n\t\t\t\t\t<\/div>\n\t\t<\/section>\n\t\t\t\t<section class=\"elementor-section elementor-top-section elementor-element elementor-element-bd5cc26 elementor-section-boxed elementor-section-height-default elementor-section-height-default\" data-id=\"bd5cc26\" data-element_type=\"section\">\n\t\t\t\t\t\t<div class=\"elementor-container elementor-column-gap-extended\">\n\t\t\t\t\t<div class=\"elementor-column elementor-col-100 elementor-top-column elementor-element elementor-element-f2c5bdf sc_inner_width_none sc_content_align_inherit sc_layouts_column_icons_position_left\" data-id=\"f2c5bdf\" data-element_type=\"column\">\n\t\t\t<div class=\"elementor-widget-wrap elementor-element-populated\">\n\t\t\t\t\t\t<div class=\"elementor-element elementor-element-42758a1 animation_type_sequental sc_fly_static elementor-invisible elementor-widget elementor-widget-trx_sc_blogger\" data-id=\"42758a1\" data-element_type=\"widget\" data-settings=\"{&quot;_animation&quot;:&quot;fadeIn&quot;,&quot;_animation_delay&quot;:200}\" data-widget_type=\"trx_sc_blogger.default\">\n\t\t\t\t<div class=\"elementor-widget-container\">\n\t\t\t\t\t<div  id=\"trx_sc_blogger_931974301\"\t\tclass=\"sc_blogger sc_blogger_masonry sc_blogger_masonry_default\"><div class=\"sc_item_filters sc_blogger_filters sc_blogger_tabs sc_blogger_tabs_ajax sc_item_filters_align_center\" data-params=\"a:103:{s:3:&quot;cat&quot;;s:1:&quot;0&quot;;s:7:&quot;columns&quot;;i:3;s:14:&quot;columns_tablet&quot;;s:0:&quot;&quot;;s:14:&quot;columns_mobile&quot;;s:0:&quot;&quot;;s:5:&quot;count&quot;;i:6;s:6:&quot;offset&quot;;i:0;s:7:&quot;orderby&quot;;s:9:&quot;post_date&quot;;s:5:&quot;order&quot;;s:4:&quot;desc&quot;;s:3:&quot;ids&quot;;s:0:&quot;&quot;;s:6:&quot;slider&quot;;b:0;s:17:&quot;slider_pagination&quot;;s:4:&quot;none&quot;;s:22:&quot;slider_pagination_type&quot;;s:7:&quot;bullets&quot;;s:24:&quot;slider_pagination_thumbs&quot;;i:0;s:15:&quot;slider_controls&quot;;s:4:&quot;none&quot;;s:12:&quot;slides_space&quot;;i:0;s:15:&quot;slides_centered&quot;;s:0:&quot;&quot;;s:15:&quot;slides_overflow&quot;;s:0:&quot;&quot;;s:18:&quot;slider_mouse_wheel&quot;;s:0:&quot;&quot;;s:15:&quot;slider_autoplay&quot;;s:1:&quot;1&quot;;s:16:&quot;slider_free_mode&quot;;s:0:&quot;&quot;;s:5:&quot;title&quot;;s:0:&quot;&quot;;s:11:&quot;title_align&quot;;s:6:&quot;center&quot;;s:11:&quot;title_style&quot;;s:7:&quot;default&quot;;s:9:&quot;title_tag&quot;;s:2:&quot;h4&quot;;s:11:&quot;title_color&quot;;s:0:&quot;&quot;;s:12:&quot;title_color2&quot;;s:0:&quot;&quot;;s:18:&quot;gradient_direction&quot;;s:1:&quot;0&quot;;s:8:&quot;subtitle&quot;;s:0:&quot;&quot;;s:14:&quot;subtitle_align&quot;;s:6:&quot;center&quot;;s:17:&quot;subtitle_position&quot;;s:5:&quot;below&quot;;s:11:&quot;description&quot;;s:0:&quot;&quot;;s:4:&quot;link&quot;;s:0:&quot;&quot;;s:10:&quot;link_style&quot;;s:7:&quot;default&quot;;s:10:&quot;link_image&quot;;s:0:&quot;&quot;;s:9:&quot;link_text&quot;;s:0:&quot;&quot;;s:10:&quot;new_window&quot;;i:0;s:5:&quot;typed&quot;;s:0:&quot;&quot;;s:13:&quot;typed_strings&quot;;s:0:&quot;&quot;;s:10:&quot;typed_loop&quot;;s:1:&quot;1&quot;;s:12:&quot;typed_cursor&quot;;s:1:&quot;1&quot;;s:17:&quot;typed_cursor_char&quot;;s:1:&quot;|&quot;;s:11:&quot;typed_color&quot;;s:0:&quot;&quot;;s:11:&quot;typed_speed&quot;;s:1:&quot;6&quot;;s:11:&quot;typed_delay&quot;;s:1:&quot;1&quot;;s:2:&quot;id&quot;;s:24:&quot;trx_sc_blogger_931974301&quot;;s:5:&quot;class&quot;;s:0:&quot;&quot;;s:9:&quot;className&quot;;s:0:&quot;&quot;;s:3:&quot;css&quot;;s:0:&quot;&quot;;s:4:&quot;type&quot;;s:7:&quot;masonry&quot;;s:9:&quot;post_type&quot;;s:13:&quot;cpt_portfolio&quot;;s:8:&quot;taxonomy&quot;;s:8:&quot;category&quot;;s:12:&quot;show_filters&quot;;s:1:&quot;1&quot;;s:13:&quot;filters_title&quot;;s:0:&quot;&quot;;s:16:&quot;filters_subtitle&quot;;s:0:&quot;&quot;;s:19:&quot;filters_title_align&quot;;s:6:&quot;center&quot;;s:16:&quot;filters_taxonomy&quot;;s:19:&quot;cpt_portfolio_group&quot;;s:14:&quot;filters_active&quot;;i:94;s:11:&quot;filters_ids&quot;;a:0:{}s:11:&quot;filters_all&quot;;s:0:&quot;&quot;;s:16:&quot;filters_all_text&quot;;s:5:&quot;Toate&quot;;s:17:&quot;filters_more_text&quot;;s:10:&quot;More posts&quot;;s:10:&quot;meta_parts&quot;;a:1:{i:0;s:10:&quot;categories&quot;;}s:14:&quot;image_position&quot;;s:3:&quot;top&quot;;s:11:&quot;image_width&quot;;s:2:&quot;40&quot;;s:11:&quot;image_ratio&quot;;s:4:&quot;none&quot;;s:5:&quot;hover&quot;;s:7:&quot;inherit&quot;;s:11:&quot;date_format&quot;;s:0:&quot;&quot;;s:14:&quot;excerpt_length&quot;;s:0:&quot;&quot;;s:10:&quot;text_align&quot;;s:4:&quot;none&quot;;s:8:&quot;on_plate&quot;;s:0:&quot;&quot;;s:12:&quot;hide_excerpt&quot;;s:0:&quot;&quot;;s:8:&quot;no_links&quot;;s:0:&quot;&quot;;s:9:&quot;full_post&quot;;s:0:&quot;&quot;;s:14:&quot;video_in_popup&quot;;s:1:&quot;1&quot;;s:7:&quot;numbers&quot;;s:0:&quot;&quot;;s:9:&quot;more_text&quot;;s:0:&quot;&quot;;s:10:&quot;pagination&quot;;s:8:&quot;infinite&quot;;s:4:&quot;page&quot;;i:1;s:16:&quot;template_default&quot;;s:7:&quot;classic&quot;;s:16:&quot;template_excerpt&quot;;s:0:&quot;&quot;;s:14:&quot;template_plain&quot;;s:0:&quot;&quot;;s:16:&quot;template_classic&quot;;s:0:&quot;&quot;;s:16:&quot;template_masonry&quot;;s:7:&quot;default&quot;;s:18:&quot;template_portfolio&quot;;s:0:&quot;&quot;;s:16:&quot;template_gallery&quot;;s:0:&quot;&quot;;s:14:&quot;template_chess&quot;;s:0:&quot;&quot;;s:38:&quot;template_blog-custom-blog-item-details&quot;;s:0:&quot;&quot;;s:38:&quot;template_blog-custom-blog-item-masonry&quot;;s:0:&quot;&quot;;s:49:&quot;template_blog-custom-blog-item-portfolio-vertical&quot;;s:0:&quot;&quot;;s:11:&quot;count_extra&quot;;a:3:{s:4:&quot;unit&quot;;s:2:&quot;px&quot;;s:4:&quot;size&quot;;i:6;s:5:&quot;sizes&quot;;a:0:{}}s:13:&quot;columns_extra&quot;;a:3:{s:4:&quot;unit&quot;;s:2:&quot;px&quot;;s:4:&quot;size&quot;;i:3;s:5:&quot;sizes&quot;;a:0:{}}s:12:&quot;offset_extra&quot;;a:3:{s:4:&quot;unit&quot;;s:2:&quot;px&quot;;s:4:&quot;size&quot;;i:0;s:5:&quot;sizes&quot;;a:0:{}}s:17:&quot;image_width_extra&quot;;a:3:{s:4:&quot;unit&quot;;s:2:&quot;px&quot;;s:4:&quot;size&quot;;i:40;s:5:&quot;sizes&quot;;a:0:{}}s:18:&quot;slides_space_extra&quot;;a:3:{s:4:&quot;unit&quot;;s:2:&quot;px&quot;;s:4:&quot;size&quot;;i:0;s:5:&quot;sizes&quot;;a:0:{}}s:24:&quot;gradient_direction_extra&quot;;a:3:{s:4:&quot;unit&quot;;s:2:&quot;px&quot;;s:4:&quot;size&quot;;i:0;s:5:&quot;sizes&quot;;a:0:{}}s:17:&quot;typed_speed_extra&quot;;a:3:{s:4:&quot;unit&quot;;s:2:&quot;px&quot;;s:4:&quot;size&quot;;i:6;s:5:&quot;sizes&quot;;a:0:{}}s:17:&quot;typed_delay_extra&quot;;a:3:{s:4:&quot;unit&quot;;s:2:&quot;px&quot;;s:4:&quot;size&quot;;i:1;s:5:&quot;sizes&quot;;a:0:{}}s:10:&quot;link_extra&quot;;a:4:{s:3:&quot;url&quot;;s:0:&quot;&quot;;s:11:&quot;is_external&quot;;s:0:&quot;&quot;;s:8:&quot;nofollow&quot;;s:0:&quot;&quot;;s:17:&quot;custom_attributes&quot;;s:0:&quot;&quot;;}s:16:&quot;link_image_extra&quot;;a:3:{s:3:&quot;url&quot;;s:0:&quot;&quot;;s:2:&quot;id&quot;;s:0:&quot;&quot;;s:4:&quot;size&quot;;s:0:&quot;&quot;;}s:6:&quot;scheme&quot;;s:0:&quot;&quot;;s:11:&quot;color_style&quot;;s:7:&quot;default&quot;;s:15:&quot;posts_container&quot;;s:38:&quot;posts_container masonry_wrap masonry_3&quot;;s:2:&quot;sc&quot;;s:10:&quot;sc_blogger&quot;;}\">\t\t\t<ul class=\"sc_item_filters_tabs\"><li><a href=\"#blogger_filters_94_content\"\r\n\t\t\t\t\t\t class=\"active\"\t\t\t\t\t\tdata-tab=\"94\"\r\n\t\t\t\t\t\tdata-page=\"1\">Mari Mae\u0219tri ai Umanit\u0103\u021bii<\/a><\/li><li><a href=\"#blogger_filters_91_content\"\r\n\t\t\t\t\t\t\t\t\t\t\t\tdata-tab=\"91\"\r\n\t\t\t\t\t\tdata-page=\"1\">Misteriile Vie\u021bii (ciclu de picturi)<\/a><\/li><li><a href=\"#blogger_filters_84_content\"\r\n\t\t\t\t\t\t\t\t\t\t\t\tdata-tab=\"84\"\r\n\t\t\t\t\t\tdata-page=\"1\">Peisaje \u0219i Naturi statice <\/a><\/li><li><a href=\"#blogger_filters_93_content\"\r\n\t\t\t\t\t\t\t\t\t\t\t\tdata-tab=\"93\"\r\n\t\t\t\t\t\tdata-page=\"1\">Picturile Agni Yoga ale arti\u0219tilor Grev Kafi<\/a><\/li><li><a href=\"#blogger_filters_92_content\"\r\n\t\t\t\t\t\t\t\t\t\t\t\tdata-tab=\"92\"\r\n\t\t\t\t\t\tdata-page=\"1\">Picturile seriei \u201eDoctrina Secret\u0103\u201d ale arti\u0219tilor Grev Kafi<\/a><\/li>\t\t\t<\/ul>\t<\/div><div class=\"sc_blogger_content sc_item_content sc_item_posts_container posts_container masonry_wrap masonry_3\"><\/div><\/div>\t\t\t\t<\/div>\n\t\t\t\t<\/div>\n\t\t\t\t<div class=\"elementor-element elementor-element-0988339 sc_height_medium animation_type_block sc_fly_static elementor-widget elementor-widget-spacer\" data-id=\"0988339\" data-element_type=\"widget\" data-widget_type=\"spacer.default\">\n\t\t\t\t<div class=\"elementor-widget-container\">\n\t\t\t\t\t\t\t<div class=\"elementor-spacer\">\n\t\t\t<div class=\"elementor-spacer-inner\"><\/div>\n\t\t<\/div>\n\t\t\t\t\t\t<\/div>\n\t\t\t\t<\/div>\n\t\t\t\t\t<\/div>\n\t\t<\/div>\n\t\t\t\t\t<\/div>\n\t\t<\/section>\n\t\t\t\t<\/div>\n\t\t","protected":false},"excerpt":{"rendered":"<p>Colec\u021bia de art\u0103 Universul simbolist al pictorilor Grev Kafi Colec\u021bia de art\u0103 a Muzeului Grev Kafi reflect\u0103 un univers simbolist complex, o sintez\u0103 original\u0103 \u00eentre idei filosofice, inspira\u021bie spiritual\u0103 \u0219i m\u0103iestrie plastic\u0103. Toate lucr\u0103rile sunt realizate de cuplul artistic Evdochia Fidelscaia \u0219i Grigorie Cabacin\u00eei, reuni\u021bi&hellip;<\/p>\n","protected":false},"author":1,"featured_media":0,"parent":0,"menu_order":0,"comment_status":"closed","ping_status":"closed","template":"","meta":{"footnotes":""},"class_list":["post-75","page","type-page","status-publish","hentry"],"translation":{"provider":"WPGlobus","version":"3.0.0","language":"ru","enabled_languages":["ro","ru","en"],"languages":{"ro":{"title":true,"content":true,"excerpt":false},"ru":{"title":false,"content":false,"excerpt":false},"en":{"title":false,"content":false,"excerpt":false}}},"_links":{"self":[{"href":"https:\/\/grevkafi.org\/ru\/wp-json\/wp\/v2\/pages\/75","targetHints":{"allow":["GET"]}}],"collection":[{"href":"https:\/\/grevkafi.org\/ru\/wp-json\/wp\/v2\/pages"}],"about":[{"href":"https:\/\/grevkafi.org\/ru\/wp-json\/wp\/v2\/types\/page"}],"author":[{"embeddable":true,"href":"https:\/\/grevkafi.org\/ru\/wp-json\/wp\/v2\/users\/1"}],"replies":[{"embeddable":true,"href":"https:\/\/grevkafi.org\/ru\/wp-json\/wp\/v2\/comments?post=75"}],"version-history":[{"count":60,"href":"https:\/\/grevkafi.org\/ru\/wp-json\/wp\/v2\/pages\/75\/revisions"}],"predecessor-version":[{"id":6776,"href":"https:\/\/grevkafi.org\/ru\/wp-json\/wp\/v2\/pages\/75\/revisions\/6776"}],"wp:attachment":[{"href":"https:\/\/grevkafi.org\/ru\/wp-json\/wp\/v2\/media?parent=75"}],"curies":[{"name":"wp","href":"https:\/\/api.w.org\/{rel}","templated":true}]}}