{"id":6789,"date":"2025-05-19T00:55:06","date_gmt":"2025-05-18T21:55:06","guid":{"rendered":"https:\/\/grevkafi.org\/?page_id=6789"},"modified":"2025-05-19T01:14:00","modified_gmt":"2025-05-18T22:14:00","slug":"peisaje-si-naturi-statice","status":"publish","type":"page","link":"https:\/\/grevkafi.org\/ru\/peisaje-si-naturi-statice\/","title":{"rendered":"Peisaje \u0219i Naturi statice"},"content":{"rendered":"\t\t<div data-elementor-type=\"wp-page\" data-elementor-id=\"6789\" class=\"elementor elementor-6789\">\n\t\t\t\t\t\t<section class=\"elementor-section elementor-top-section elementor-element elementor-element-0fdbecc elementor-section-boxed elementor-section-height-default elementor-section-height-default\" data-id=\"0fdbecc\" data-element_type=\"section\">\n\t\t\t\t\t\t<div class=\"elementor-container elementor-column-gap-extended\">\n\t\t\t\t\t<div class=\"elementor-column elementor-col-100 elementor-top-column elementor-element elementor-element-060eb54 sc_inner_width_none sc_content_align_inherit sc_layouts_column_icons_position_left\" data-id=\"060eb54\" data-element_type=\"column\">\n\t\t\t<div class=\"elementor-widget-wrap elementor-element-populated\">\n\t\t\t\t\t\t<div class=\"elementor-element elementor-element-05a06e9 animation_type_block sc_fly_static elementor-widget elementor-widget-trx_sc_title\" data-id=\"05a06e9\" data-element_type=\"widget\" data-widget_type=\"trx_sc_title.default\">\n\t\t\t\t<div class=\"elementor-widget-container\">\n\t\t\t\t\t<div id=\"trx_sc_title_454844230\"\n\t\tclass=\"sc_title sc_title_default\"><h2 class=\"sc_item_title sc_title_title sc_item_title_style_default sc_item_title_tag\"><span class=\"sc_item_title_text\">Peisaje \u0219i Naturi statice (ciclu de picturi)<\/span><\/h2><\/div><!-- \/.sc_title -->\t\t\t\t<\/div>\n\t\t\t\t<\/div>\n\t\t\t\t<div class=\"elementor-element elementor-element-a5aad1a sc_height_medium animation_type_block sc_fly_static elementor-widget elementor-widget-spacer\" data-id=\"a5aad1a\" data-element_type=\"widget\" data-widget_type=\"spacer.default\">\n\t\t\t\t<div class=\"elementor-widget-container\">\n\t\t\t\t\t\t\t<div class=\"elementor-spacer\">\n\t\t\t<div class=\"elementor-spacer-inner\"><\/div>\n\t\t<\/div>\n\t\t\t\t\t\t<\/div>\n\t\t\t\t<\/div>\n\t\t\t\t<div class=\"elementor-element elementor-element-98b77f6 animation_type_block sc_fly_static elementor-widget elementor-widget-text-editor\" data-id=\"98b77f6\" data-element_type=\"widget\" data-widget_type=\"text-editor.default\">\n\t\t\t\t<div class=\"elementor-widget-container\">\n\t\t\t\t\t\t\t\t\t<p>Ciclul Peisaje \u0219i Naturi statice ofer\u0103 o respira\u021bie de lini\u0219te \u0219i contempla\u021bie \u00een opera simbolist\u0103 a arti\u0219tilor Grev Kafi. Fie c\u0103 este vorba de peisaje montane, lacuri t\u0103cute, obiecte modeste sau flori delicate, aceste picturi reflect\u0103 o stare de armonie interioar\u0103 \u0219i observare atent\u0103 a frumuse\u021bii lumii. \u00cen stilul lor rafinat, arti\u0219tii transform\u0103 realitatea \u00een reflec\u021bie, iar t\u0103cerea obiectelor devine limbajul spiritului.<\/p>\t\t\t\t\t\t\t\t<\/div>\n\t\t\t\t<\/div>\n\t\t\t\t<div class=\"elementor-element elementor-element-ae3729a sc_height_medium animation_type_block sc_fly_static elementor-widget elementor-widget-spacer\" data-id=\"ae3729a\" data-element_type=\"widget\" data-widget_type=\"spacer.default\">\n\t\t\t\t<div class=\"elementor-widget-container\">\n\t\t\t\t\t\t\t<div class=\"elementor-spacer\">\n\t\t\t<div class=\"elementor-spacer-inner\"><\/div>\n\t\t<\/div>\n\t\t\t\t\t\t<\/div>\n\t\t\t\t<\/div>\n\t\t\t\t<div class=\"elementor-element elementor-element-36f5525 animation_type_block sc_fly_static elementor-widget elementor-widget-trx_sc_blogger\" data-id=\"36f5525\" data-element_type=\"widget\" data-widget_type=\"trx_sc_blogger.default\">\n\t\t\t\t<div class=\"elementor-widget-container\">\n\t\t\t\t\t<div  id=\"trx_sc_blogger_195513243\"\t\tclass=\"sc_blogger sc_blogger_default sc_blogger_default_classic_3\"><div class=\"sc_blogger_masonry_wrap sc_item_masonry sc_item_posts_container masonry_wrap masonry_3\"><div class=\"masonry_item masonry_item-1_3\"><div data-post-id=\"5492\" class=\"sc_blogger_item sc_blogger_item_default sc_blogger_item_default_classic_3 sc_blogger_item_odd sc_blogger_item_align_none post_format_standard sc_blogger_item_with_image sc_blogger_item_image_position_top post-5492 cpt_portfolio type-cpt_portfolio status-publish has-post-thumbnail hentry cpt_portfolio_group-peisaje-si-naturi-statice\" data-item-number=\"1\"\r\n\t><div class=\"sc_blogger_item_header entry-header\"><h5 class=\"sc_blogger_item_title entry-title\" data-item-number=\"1\"><a href=\"https:\/\/grevkafi.org\/ru\/portfolio\/orheiul-vechi\/\" rel=\"bookmark\">&#171;Orheiul Vechi&#187;<\/a><\/h5>\t\t<div class=\"post_meta sc_blogger_item_meta post_meta\">\n\t\t\t\t\t<\/div><!-- .post_meta -->\n\t\t<\/div><!-- .entry-header --><div class=\"sc_blogger_item_body\"><div class=\"post_featured with_thumb hover_view sc_item_featured sc_blogger_item_featured\"><img fetchpriority=\"high\" decoding=\"async\" width=\"770\" height=\"599\" src=\"https:\/\/grevkafi.org\/wp-content\/uploads\/2022\/04\/Grev-Kafi-025-Staryi-Orhei-_-Orheiul-Vechi-f-06-770x599.jpg\" class=\"attachment-ozeum-thumb-masonry-big size-ozeum-thumb-masonry-big wp-post-image\" alt=\"Orheiul Vechi\" srcset=\"https:\/\/grevkafi.org\/wp-content\/uploads\/2022\/04\/Grev-Kafi-025-Staryi-Orhei-_-Orheiul-Vechi-f-06-770x599.jpg 770w, https:\/\/grevkafi.org\/wp-content\/uploads\/2022\/04\/Grev-Kafi-025-Staryi-Orhei-_-Orheiul-Vechi-f-06-300x233.jpg 300w, https:\/\/grevkafi.org\/wp-content\/uploads\/2022\/04\/Grev-Kafi-025-Staryi-Orhei-_-Orheiul-Vechi-f-06-1024x796.jpg 1024w, https:\/\/grevkafi.org\/wp-content\/uploads\/2022\/04\/Grev-Kafi-025-Staryi-Orhei-_-Orheiul-Vechi-f-06-768x597.jpg 768w, https:\/\/grevkafi.org\/wp-content\/uploads\/2022\/04\/Grev-Kafi-025-Staryi-Orhei-_-Orheiul-Vechi-f-06-1536x1195.jpg 1536w, https:\/\/grevkafi.org\/wp-content\/uploads\/2022\/04\/Grev-Kafi-025-Staryi-Orhei-_-Orheiul-Vechi-f-06-370x288.jpg 370w, https:\/\/grevkafi.org\/wp-content\/uploads\/2022\/04\/Grev-Kafi-025-Staryi-Orhei-_-Orheiul-Vechi-f-06-600x467.jpg 600w, https:\/\/grevkafi.org\/wp-content\/uploads\/2022\/04\/Grev-Kafi-025-Staryi-Orhei-_-Orheiul-Vechi-f-06.jpg 1647w\" sizes=\"(max-width: 770px) 100vw, 770px\" \/>\t\t\t\t\t\t<div class=\"mask\"><\/div>\n\t\t\t\t\t\t            <a href=\"https:\/\/grevkafi.org\/ru\/portfolio\/orheiul-vechi\/\"  aria-hidden=\"true\" class=\"view\"><span>View<\/span><\/a>\n            <\/div><div class=\"sc_blogger_item_content entry-content\"><div class=\"sc_blogger_item_excerpt\">Tabloul exprima bucuria unei zile perfecte la Orheiul Vechi.<\/div><\/div><!-- .entry-content --><\/div><!-- .sc_blogger_item_body --><\/div><!-- .sc_blogger_item --><\/div><div class=\"masonry_item masonry_item-1_3\"><div data-post-id=\"5928\" class=\"sc_blogger_item sc_blogger_item_default sc_blogger_item_default_classic_3 sc_blogger_item_even sc_blogger_item_align_none post_format_standard sc_blogger_item_with_image sc_blogger_item_image_position_top post-5928 cpt_portfolio type-cpt_portfolio status-publish has-post-thumbnail hentry cpt_portfolio_group-peisaje-si-naturi-statice\" data-item-number=\"2\"\r\n\t><div class=\"sc_blogger_item_header entry-header\"><h5 class=\"sc_blogger_item_title entry-title\" data-item-number=\"2\"><a href=\"https:\/\/grevkafi.org\/ru\/portfolio\/in-intampinarea-vietii\/\" rel=\"bookmark\">&#171;\u00cen \u00eent\u00e2mpinarea vie\u021bii&#187;<\/a><\/h5>\t\t<div class=\"post_meta sc_blogger_item_meta post_meta\">\n\t\t\t\t\t<\/div><!-- .post_meta -->\n\t\t<\/div><!-- .entry-header --><div class=\"sc_blogger_item_body\"><div class=\"post_featured with_thumb hover_view sc_item_featured sc_blogger_item_featured\"><img decoding=\"async\" width=\"770\" height=\"549\" src=\"https:\/\/grevkafi.org\/wp-content\/uploads\/2022\/05\/Grev-Kafi-032-Navstrechu-zhizni-IMG_3662-01_1-770x549.jpg\" class=\"attachment-ozeum-thumb-masonry-big size-ozeum-thumb-masonry-big wp-post-image\" alt=\"Grev Kafi &quot;\u00cen \u00eent\u00e2mpinarea vie\u021bii&quot;\" srcset=\"https:\/\/grevkafi.org\/wp-content\/uploads\/2022\/05\/Grev-Kafi-032-Navstrechu-zhizni-IMG_3662-01_1-770x549.jpg 770w, https:\/\/grevkafi.org\/wp-content\/uploads\/2022\/05\/Grev-Kafi-032-Navstrechu-zhizni-IMG_3662-01_1-300x214.jpg 300w, https:\/\/grevkafi.org\/wp-content\/uploads\/2022\/05\/Grev-Kafi-032-Navstrechu-zhizni-IMG_3662-01_1-1024x730.jpg 1024w, https:\/\/grevkafi.org\/wp-content\/uploads\/2022\/05\/Grev-Kafi-032-Navstrechu-zhizni-IMG_3662-01_1-768x548.jpg 768w, https:\/\/grevkafi.org\/wp-content\/uploads\/2022\/05\/Grev-Kafi-032-Navstrechu-zhizni-IMG_3662-01_1-370x264.jpg 370w, https:\/\/grevkafi.org\/wp-content\/uploads\/2022\/05\/Grev-Kafi-032-Navstrechu-zhizni-IMG_3662-01_1-600x428.jpg 600w, https:\/\/grevkafi.org\/wp-content\/uploads\/2022\/05\/Grev-Kafi-032-Navstrechu-zhizni-IMG_3662-01_1.jpg 1402w\" sizes=\"(max-width: 770px) 100vw, 770px\" \/>\t\t\t\t\t\t<div class=\"mask\"><\/div>\n\t\t\t\t\t\t            <a href=\"https:\/\/grevkafi.org\/ru\/portfolio\/in-intampinarea-vietii\/\"  aria-hidden=\"true\" class=\"view\"><span>View<\/span><\/a>\n            <\/div><div class=\"sc_blogger_item_content entry-content\"><div class=\"sc_blogger_item_excerpt\">Tabloul pictorului Grev Kafi &#171;\u00cen \u00eent\u00e2mpinarea vie\u021bii&#187; ne prezint\u0103 sentimentele umane sincere &#8212; puritatea \u00eenc\u00e2nt\u0103rii \u0219i percep\u021bia imaculat\u0103 a vie\u021bii.<\/div><\/div><!-- .entry-content --><\/div><!-- .sc_blogger_item_body --><\/div><!-- .sc_blogger_item --><\/div><div class=\"masonry_item masonry_item-1_3\"><div data-post-id=\"5933\" class=\"sc_blogger_item sc_blogger_item_default sc_blogger_item_default_classic_3 sc_blogger_item_odd sc_blogger_item_align_none post_format_standard sc_blogger_item_with_image sc_blogger_item_image_position_top post-5933 cpt_portfolio type-cpt_portfolio status-publish has-post-thumbnail hentry cpt_portfolio_group-peisaje-si-naturi-statice\" data-item-number=\"3\"\r\n\t><div class=\"sc_blogger_item_header entry-header\"><h5 class=\"sc_blogger_item_title entry-title\" data-item-number=\"3\"><a href=\"https:\/\/grevkafi.org\/ru\/portfolio\/in-ajunul-pastelui\/\" rel=\"bookmark\">&#171;\u00cen ajunul Pa\u0219telui&#187;<\/a><\/h5>\t\t<div class=\"post_meta sc_blogger_item_meta post_meta\">\n\t\t\t\t\t<\/div><!-- .post_meta -->\n\t\t<\/div><!-- .entry-header --><div class=\"sc_blogger_item_body\"><div class=\"post_featured with_thumb hover_view sc_item_featured sc_blogger_item_featured\"><img decoding=\"async\" width=\"770\" height=\"576\" src=\"https:\/\/grevkafi.org\/wp-content\/uploads\/2022\/05\/MG_2176_1.jpg\" class=\"attachment-ozeum-thumb-masonry-big size-ozeum-thumb-masonry-big wp-post-image\" alt=\"Grev Kafi &quot;\u00cen ajunul Pa\u0219telui&quot;\" \/>\t\t\t\t\t\t<div class=\"mask\"><\/div>\n\t\t\t\t\t\t            <a href=\"https:\/\/grevkafi.org\/ru\/portfolio\/in-ajunul-pastelui\/\"  aria-hidden=\"true\" class=\"view\"><span>View<\/span><\/a>\n            <\/div><div class=\"sc_blogger_item_content entry-content\"><div class=\"sc_blogger_item_excerpt\">Tabloul \u201d\u00cen ajunul Pa\u0219telui\u201d reflect\u0103 bucuria preg\u0103tirii pentru aceast\u0103 s\u0103rb\u0103toare minunata.<\/div><\/div><!-- .entry-content --><\/div><!-- .sc_blogger_item_body --><\/div><!-- .sc_blogger_item --><\/div><\/div><\/div>\t\t\t\t<\/div>\n\t\t\t\t<\/div>\n\t\t\t\t\t<\/div>\n\t\t<\/div>\n\t\t\t\t\t<\/div>\n\t\t<\/section>\n\t\t\t\t<\/div>\n\t\t","protected":false},"excerpt":{"rendered":"<p>Peisaje \u0219i Naturi statice (ciclu de picturi) Ciclul Peisaje \u0219i Naturi statice ofer\u0103 o respira\u021bie de lini\u0219te \u0219i contempla\u021bie \u00een opera simbolist\u0103 a arti\u0219tilor Grev Kafi. Fie c\u0103 este vorba de peisaje montane, lacuri t\u0103cute, obiecte modeste sau flori delicate, aceste picturi reflect\u0103 o stare&hellip;<\/p>\n","protected":false},"author":1,"featured_media":0,"parent":0,"menu_order":0,"comment_status":"closed","ping_status":"closed","template":"","meta":{"footnotes":""},"class_list":["post-6789","page","type-page","status-publish","hentry"],"translation":{"provider":"WPGlobus","version":"3.0.0","language":"ru","enabled_languages":["ro","ru","en"],"languages":{"ro":{"title":true,"content":true,"excerpt":false},"ru":{"title":false,"content":false,"excerpt":false},"en":{"title":false,"content":false,"excerpt":false}}},"_links":{"self":[{"href":"https:\/\/grevkafi.org\/ru\/wp-json\/wp\/v2\/pages\/6789","targetHints":{"allow":["GET"]}}],"collection":[{"href":"https:\/\/grevkafi.org\/ru\/wp-json\/wp\/v2\/pages"}],"about":[{"href":"https:\/\/grevkafi.org\/ru\/wp-json\/wp\/v2\/types\/page"}],"author":[{"embeddable":true,"href":"https:\/\/grevkafi.org\/ru\/wp-json\/wp\/v2\/users\/1"}],"replies":[{"embeddable":true,"href":"https:\/\/grevkafi.org\/ru\/wp-json\/wp\/v2\/comments?post=6789"}],"version-history":[{"count":7,"href":"https:\/\/grevkafi.org\/ru\/wp-json\/wp\/v2\/pages\/6789\/revisions"}],"predecessor-version":[{"id":6822,"href":"https:\/\/grevkafi.org\/ru\/wp-json\/wp\/v2\/pages\/6789\/revisions\/6822"}],"wp:attachment":[{"href":"https:\/\/grevkafi.org\/ru\/wp-json\/wp\/v2\/media?parent=6789"}],"curies":[{"name":"wp","href":"https:\/\/api.w.org\/{rel}","templated":true}]}}