{"id":6777,"date":"2025-05-19T00:44:43","date_gmt":"2025-05-18T21:44:43","guid":{"rendered":"https:\/\/grevkafi.org\/?page_id=6777"},"modified":"2025-05-19T01:14:14","modified_gmt":"2025-05-18T22:14:14","slug":"misteriile-vietii","status":"publish","type":"page","link":"https:\/\/grevkafi.org\/ru\/misteriile-vietii\/","title":{"rendered":"Misteriile Vie\u021bii"},"content":{"rendered":"\t\t<div data-elementor-type=\"wp-page\" data-elementor-id=\"6777\" class=\"elementor elementor-6777\">\n\t\t\t\t\t\t<section class=\"elementor-section elementor-top-section elementor-element elementor-element-0fdbecc elementor-section-boxed elementor-section-height-default elementor-section-height-default\" data-id=\"0fdbecc\" data-element_type=\"section\">\n\t\t\t\t\t\t<div class=\"elementor-container elementor-column-gap-extended\">\n\t\t\t\t\t<div class=\"elementor-column elementor-col-100 elementor-top-column elementor-element elementor-element-060eb54 sc_inner_width_none sc_content_align_inherit sc_layouts_column_icons_position_left\" data-id=\"060eb54\" data-element_type=\"column\">\n\t\t\t<div class=\"elementor-widget-wrap elementor-element-populated\">\n\t\t\t\t\t\t<div class=\"elementor-element elementor-element-05a06e9 animation_type_block sc_fly_static elementor-widget elementor-widget-trx_sc_title\" data-id=\"05a06e9\" data-element_type=\"widget\" data-widget_type=\"trx_sc_title.default\">\n\t\t\t\t<div class=\"elementor-widget-container\">\n\t\t\t\t\t<div id=\"trx_sc_title_1716248829\"\n\t\tclass=\"sc_title sc_title_default\"><h2 class=\"sc_item_title sc_title_title sc_item_title_style_default sc_item_title_tag\"><span class=\"sc_item_title_text\">Misteriile Vie\u021bii (ciclu de picturi)<\/span><\/h2><\/div><!-- \/.sc_title -->\t\t\t\t<\/div>\n\t\t\t\t<\/div>\n\t\t\t\t<div class=\"elementor-element elementor-element-a5aad1a sc_height_medium animation_type_block sc_fly_static elementor-widget elementor-widget-spacer\" data-id=\"a5aad1a\" data-element_type=\"widget\" data-widget_type=\"spacer.default\">\n\t\t\t\t<div class=\"elementor-widget-container\">\n\t\t\t\t\t\t\t<div class=\"elementor-spacer\">\n\t\t\t<div class=\"elementor-spacer-inner\"><\/div>\n\t\t<\/div>\n\t\t\t\t\t\t<\/div>\n\t\t\t\t<\/div>\n\t\t\t\t<div class=\"elementor-element elementor-element-98b77f6 animation_type_block sc_fly_static elementor-widget elementor-widget-text-editor\" data-id=\"98b77f6\" data-element_type=\"widget\" data-widget_type=\"text-editor.default\">\n\t\t\t\t<div class=\"elementor-widget-container\">\n\t\t\t\t\t\t\t\t\t<p>Ciclul de picturi Misteriile Vie\u021bii exploreaz\u0103 taina existen\u021bei umane, destinul sufletului, drumul dintre lumin\u0103 \u0219i umbr\u0103, dintre materie \u0219i spirit. Prin compozi\u021bii simbolice, figuri arhetipale \u0219i detalii pline de sens, arti\u0219tii Grev Kafi surprind etapele subtile ale vie\u021bii interioare: chemarea, \u00eencercarea, transformarea \u0219i revela\u021bia. Aceste lucr\u0103ri invit\u0103 la medita\u021bie \u0219i introspec\u021bie, dezv\u0103luind c\u0103 dincolo de aparen\u021be, via\u021ba este o \u0219coal\u0103 a sufletului \u0219i un mister ce se descoper\u0103 treptat celui care caut\u0103 cu inima deschis\u0103.<\/p>\t\t\t\t\t\t\t\t<\/div>\n\t\t\t\t<\/div>\n\t\t\t\t<div class=\"elementor-element elementor-element-ae3729a sc_height_medium animation_type_block sc_fly_static elementor-widget elementor-widget-spacer\" data-id=\"ae3729a\" data-element_type=\"widget\" data-widget_type=\"spacer.default\">\n\t\t\t\t<div class=\"elementor-widget-container\">\n\t\t\t\t\t\t\t<div class=\"elementor-spacer\">\n\t\t\t<div class=\"elementor-spacer-inner\"><\/div>\n\t\t<\/div>\n\t\t\t\t\t\t<\/div>\n\t\t\t\t<\/div>\n\t\t\t\t\t<\/div>\n\t\t<\/div>\n\t\t\t\t\t<\/div>\n\t\t<\/section>\n\t\t\t\t<\/div>\n\t\t","protected":false},"excerpt":{"rendered":"<p>Misteriile Vie\u021bii (ciclu de picturi) Ciclul de picturi Misteriile Vie\u021bii exploreaz\u0103 taina existen\u021bei umane, destinul sufletului, drumul dintre lumin\u0103 \u0219i umbr\u0103, dintre materie \u0219i spirit. Prin compozi\u021bii simbolice, figuri arhetipale \u0219i detalii pline de sens, arti\u0219tii Grev Kafi surprind etapele subtile ale vie\u021bii interioare: chemarea,&hellip;<\/p>\n","protected":false},"author":1,"featured_media":0,"parent":0,"menu_order":0,"comment_status":"closed","ping_status":"closed","template":"","meta":{"footnotes":""},"class_list":["post-6777","page","type-page","status-publish","hentry"],"translation":{"provider":"WPGlobus","version":"3.0.0","language":"ru","enabled_languages":["ro","ru","en"],"languages":{"ro":{"title":true,"content":true,"excerpt":false},"ru":{"title":false,"content":false,"excerpt":false},"en":{"title":false,"content":false,"excerpt":false}}},"_links":{"self":[{"href":"https:\/\/grevkafi.org\/ru\/wp-json\/wp\/v2\/pages\/6777","targetHints":{"allow":["GET"]}}],"collection":[{"href":"https:\/\/grevkafi.org\/ru\/wp-json\/wp\/v2\/pages"}],"about":[{"href":"https:\/\/grevkafi.org\/ru\/wp-json\/wp\/v2\/types\/page"}],"author":[{"embeddable":true,"href":"https:\/\/grevkafi.org\/ru\/wp-json\/wp\/v2\/users\/1"}],"replies":[{"embeddable":true,"href":"https:\/\/grevkafi.org\/ru\/wp-json\/wp\/v2\/comments?post=6777"}],"version-history":[{"count":17,"href":"https:\/\/grevkafi.org\/ru\/wp-json\/wp\/v2\/pages\/6777\/revisions"}],"predecessor-version":[{"id":6825,"href":"https:\/\/grevkafi.org\/ru\/wp-json\/wp\/v2\/pages\/6777\/revisions\/6825"}],"wp:attachment":[{"href":"https:\/\/grevkafi.org\/ru\/wp-json\/wp\/v2\/media?parent=6777"}],"curies":[{"name":"wp","href":"https:\/\/api.w.org\/{rel}","templated":true}]}}