{"id":6794,"date":"2025-05-19T01:05:53","date_gmt":"2025-05-18T22:05:53","guid":{"rendered":"https:\/\/grevkafi.org\/?page_id=6794"},"modified":"2025-05-19T01:08:23","modified_gmt":"2025-05-18T22:08:23","slug":"mari-maestri-ai-umanitatii","status":"publish","type":"page","link":"https:\/\/grevkafi.org\/en\/mari-maestri-ai-umanitatii\/","title":{"rendered":"Mari Mae\u0219tri ai Umanit\u0103\u021bii"},"content":{"rendered":"\t\t<div data-elementor-type=\"wp-page\" data-elementor-id=\"6794\" class=\"elementor elementor-6794\">\n\t\t\t\t\t\t<section class=\"elementor-section elementor-top-section elementor-element elementor-element-0fdbecc elementor-section-boxed elementor-section-height-default elementor-section-height-default\" data-id=\"0fdbecc\" data-element_type=\"section\">\n\t\t\t\t\t\t<div class=\"elementor-container elementor-column-gap-extended\">\n\t\t\t\t\t<div class=\"elementor-column elementor-col-100 elementor-top-column elementor-element elementor-element-060eb54 sc_inner_width_none sc_content_align_inherit sc_layouts_column_icons_position_left\" data-id=\"060eb54\" data-element_type=\"column\">\n\t\t\t<div class=\"elementor-widget-wrap elementor-element-populated\">\n\t\t\t\t\t\t<div class=\"elementor-element elementor-element-05a06e9 animation_type_block sc_fly_static elementor-widget elementor-widget-trx_sc_title\" data-id=\"05a06e9\" data-element_type=\"widget\" data-widget_type=\"trx_sc_title.default\">\n\t\t\t\t<div class=\"elementor-widget-container\">\n\t\t\t\t\t<div id=\"trx_sc_title_2124086631\"\n\t\tclass=\"sc_title sc_title_default\"><h2 class=\"sc_item_title sc_title_title sc_item_title_style_default sc_item_title_tag\"><span class=\"sc_item_title_text\">Mari Mae\u0219tri ai Umanit\u0103\u021bii<\/span><\/h2><\/div><!-- \/.sc_title -->\t\t\t\t<\/div>\n\t\t\t\t<\/div>\n\t\t\t\t<div class=\"elementor-element elementor-element-a5aad1a sc_height_medium animation_type_block sc_fly_static elementor-widget elementor-widget-spacer\" data-id=\"a5aad1a\" data-element_type=\"widget\" data-widget_type=\"spacer.default\">\n\t\t\t\t<div class=\"elementor-widget-container\">\n\t\t\t\t\t\t\t<div class=\"elementor-spacer\">\n\t\t\t<div class=\"elementor-spacer-inner\"><\/div>\n\t\t<\/div>\n\t\t\t\t\t\t<\/div>\n\t\t\t\t<\/div>\n\t\t\t\t<div class=\"elementor-element elementor-element-98b77f6 animation_type_block sc_fly_static elementor-widget elementor-widget-text-editor\" data-id=\"98b77f6\" data-element_type=\"widget\" data-widget_type=\"text-editor.default\">\n\t\t\t\t<div class=\"elementor-widget-container\">\n\t\t\t\t\t\t\t\t\t<p>Ciclul de picturi \u201eMari Mae\u0219tri ai Umanit\u0103\u021bii\u201d al arti\u0219tilor Grev Kafi (Evdochia Fidelskaia \u0219i Grigorii Kabachn\u00eei) reprezint\u0103 o profund\u0103 interpretare artistic\u0103 a marilor lideri spirituali, a c\u0103ror mo\u0219tenire a influen\u021bat evolu\u021bia omenirii. Inspira\u021bi de \u00eenv\u0103\u021b\u0103tura Agni Yoga, formulat\u0103 de familia Roerich, arti\u0219tii \u00ee\u0219i propun prin crea\u021bia lor s\u0103 transmit\u0103 idei despre con\u0219tiin\u021ba cosmic\u0103, unitate \u0219i transfigurare interioar\u0103.<\/p><p>\u00cen lucr\u0103rile lor sunt \u00eenf\u0103\u021bi\u0219a\u021bi Vayvasvata Manu, Mahatma Morya &#8211; St\u0103p\u00e2nul Shambalei, Prometeu, Hermes Trismegistul, Zoroastru, Orfeu, Krishna, Hristos, Moise, Solomon, Buddha, Mahomed, Serghie de Radonej, precum \u0219i Urusvati (E.I. Roerich), Fuyama (N.K. Roerich), Iuri \u0219i Sviatoslav Roerich. Fiecare dintre ace\u0219ti Mae\u0219tri este prezentat ca purt\u0103tor de lumin\u0103, conduc\u00e2nd omenirea c\u0103tre adev\u0103rurile superioare.<\/p><p>O aten\u021bie deosebit\u0103 este acordat\u0103 lui Mahatma Morya, care, \u00een Agni Yoga, este considerat unul dintre St\u0103p\u00e2nii Shambalei \u0219i inspirator al \u00eenv\u0103\u021b\u0103turii. Imaginea sa \u00een picturile Grev Kafi simbolizeaz\u0103 calea \u00een\u0103l\u021b\u0103rii spirituale \u0219i a transform\u0103rii interioare. Se remarc\u0103 de asemenea lucrarea \u201eVayvasvata Manu\u201d, \u00een care p\u0103rintele spiritual al umanit\u0103\u021bii este reprezentat ca un \u00een\u021belept ce revars\u0103 lumin\u0103 \u0219i cunoa\u0219tere asupra lumii &#8211; simbol al unui nou ciclu al evolu\u021biei.<\/p><p>Arti\u0219tii Grev Kafi, care au tr\u0103it 15 ani \u00een mun\u021bii Tian-\u0218an, au studiat profund \u201eDoctrina Secret\u0103\u201d a E.P. Blavatsky \u0219i \u00eenv\u0103\u021b\u0103tura Eticii Vii. Opera lor reflect\u0103 un sincretism al tradi\u021biilor religioase \u0219i filosofice, eviden\u021biind unitatea tuturor c\u0103ilor spirituale. Picturile sunt \u00eenc\u0103rcate de simbolism \u0219i fine energii, devenind nu doar lucr\u0103ri de art\u0103, ci \u0219i instrumente de trezire spiritual\u0103.<\/p><p>Ciclul \u201eMari Mae\u0219tri ai Umanit\u0103\u021bii\u201d reprezint\u0103 o contribu\u021bie important\u0103 la arta spiritual\u0103 contemporan\u0103, fiind recunoscut la expozi\u021bii \u0219i festivaluri interna\u021bionale. Lucr\u0103rile Grev Kafi se reg\u0103sesc \u00een muzee \u0219i colec\u021bii din \u00eentreaga lume, inclusiv \u00een cadrul Societ\u0103\u021bii Teozofice Mondiale din Adyar, India. Arta lor continu\u0103 s\u0103 inspire oamenii pe calea cunoa\u0219terii de sine \u0219i a slujirii binelui comun.<\/p>\t\t\t\t\t\t\t\t<\/div>\n\t\t\t\t<\/div>\n\t\t\t\t<div class=\"elementor-element elementor-element-ae3729a sc_height_medium animation_type_block sc_fly_static elementor-widget elementor-widget-spacer\" data-id=\"ae3729a\" data-element_type=\"widget\" data-widget_type=\"spacer.default\">\n\t\t\t\t<div class=\"elementor-widget-container\">\n\t\t\t\t\t\t\t<div class=\"elementor-spacer\">\n\t\t\t<div class=\"elementor-spacer-inner\"><\/div>\n\t\t<\/div>\n\t\t\t\t\t\t<\/div>\n\t\t\t\t<\/div>\n\t\t\t\t\t<\/div>\n\t\t<\/div>\n\t\t\t\t\t<\/div>\n\t\t<\/section>\n\t\t\t\t<\/div>\n\t\t","protected":false},"excerpt":{"rendered":"<p>Mari Mae\u0219tri ai Umanit\u0103\u021bii Ciclul de picturi \u201eMari Mae\u0219tri ai Umanit\u0103\u021bii\u201d al arti\u0219tilor Grev Kafi (Evdochia Fidelskaia \u0219i Grigorii Kabachn\u00eei) reprezint\u0103 o profund\u0103 interpretare artistic\u0103 a marilor lideri spirituali, a c\u0103ror mo\u0219tenire a influen\u021bat evolu\u021bia omenirii. Inspira\u021bi de \u00eenv\u0103\u021b\u0103tura Agni Yoga, formulat\u0103 de familia Roerich,&hellip;<\/p>\n","protected":false},"author":1,"featured_media":0,"parent":0,"menu_order":0,"comment_status":"closed","ping_status":"closed","template":"","meta":{"footnotes":""},"class_list":["post-6794","page","type-page","status-publish","hentry"],"translation":{"provider":"WPGlobus","version":"3.0.0","language":"en","enabled_languages":["ro","ru","en"],"languages":{"ro":{"title":true,"content":true,"excerpt":false},"ru":{"title":false,"content":false,"excerpt":false},"en":{"title":false,"content":false,"excerpt":false}}},"_links":{"self":[{"href":"https:\/\/grevkafi.org\/en\/wp-json\/wp\/v2\/pages\/6794","targetHints":{"allow":["GET"]}}],"collection":[{"href":"https:\/\/grevkafi.org\/en\/wp-json\/wp\/v2\/pages"}],"about":[{"href":"https:\/\/grevkafi.org\/en\/wp-json\/wp\/v2\/types\/page"}],"author":[{"embeddable":true,"href":"https:\/\/grevkafi.org\/en\/wp-json\/wp\/v2\/users\/1"}],"replies":[{"embeddable":true,"href":"https:\/\/grevkafi.org\/en\/wp-json\/wp\/v2\/comments?post=6794"}],"version-history":[{"count":4,"href":"https:\/\/grevkafi.org\/en\/wp-json\/wp\/v2\/pages\/6794\/revisions"}],"predecessor-version":[{"id":6806,"href":"https:\/\/grevkafi.org\/en\/wp-json\/wp\/v2\/pages\/6794\/revisions\/6806"}],"wp:attachment":[{"href":"https:\/\/grevkafi.org\/en\/wp-json\/wp\/v2\/media?parent=6794"}],"curies":[{"name":"wp","href":"https:\/\/api.w.org\/{rel}","templated":true}]}}