{"id":6792,"date":"2025-05-19T00:56:13","date_gmt":"2025-05-18T21:56:13","guid":{"rendered":"https:\/\/grevkafi.org\/?page_id=6792"},"modified":"2025-05-19T01:16:21","modified_gmt":"2025-05-18T22:16:21","slug":"doctrina-secreta","status":"publish","type":"page","link":"https:\/\/grevkafi.org\/en\/doctrina-secreta\/","title":{"rendered":"Doctrina Secret\u0103"},"content":{"rendered":"\t\t<div data-elementor-type=\"wp-page\" data-elementor-id=\"6792\" class=\"elementor elementor-6792\">\n\t\t\t\t\t\t<section class=\"elementor-section elementor-top-section elementor-element elementor-element-0fdbecc elementor-section-boxed elementor-section-height-default elementor-section-height-default\" data-id=\"0fdbecc\" data-element_type=\"section\">\n\t\t\t\t\t\t<div class=\"elementor-container elementor-column-gap-extended\">\n\t\t\t\t\t<div class=\"elementor-column elementor-col-100 elementor-top-column elementor-element elementor-element-060eb54 sc_inner_width_none sc_content_align_inherit sc_layouts_column_icons_position_left\" data-id=\"060eb54\" data-element_type=\"column\">\n\t\t\t<div class=\"elementor-widget-wrap elementor-element-populated\">\n\t\t\t\t\t\t<div class=\"elementor-element elementor-element-05a06e9 animation_type_block sc_fly_static elementor-widget elementor-widget-trx_sc_title\" data-id=\"05a06e9\" data-element_type=\"widget\" data-widget_type=\"trx_sc_title.default\">\n\t\t\t\t<div class=\"elementor-widget-container\">\n\t\t\t\t\t<div id=\"trx_sc_title_908865413\"\n\t\tclass=\"sc_title sc_title_default\"><h2 class=\"sc_item_title sc_title_title sc_item_title_style_default sc_item_title_tag\"><span class=\"sc_item_title_text\">Picturile seriei \u201eDoctrina Secret\u0103\u201d ale arti\u0219tilor Grev Kafi<\/span><\/h2><\/div><!-- \/.sc_title -->\t\t\t\t<\/div>\n\t\t\t\t<\/div>\n\t\t\t\t<div class=\"elementor-element elementor-element-a5aad1a sc_height_medium animation_type_block sc_fly_static elementor-widget elementor-widget-spacer\" data-id=\"a5aad1a\" data-element_type=\"widget\" data-widget_type=\"spacer.default\">\n\t\t\t\t<div class=\"elementor-widget-container\">\n\t\t\t\t\t\t\t<div class=\"elementor-spacer\">\n\t\t\t<div class=\"elementor-spacer-inner\"><\/div>\n\t\t<\/div>\n\t\t\t\t\t\t<\/div>\n\t\t\t\t<\/div>\n\t\t\t\t<div class=\"elementor-element elementor-element-98b77f6 animation_type_block sc_fly_static elementor-widget elementor-widget-text-editor\" data-id=\"98b77f6\" data-element_type=\"widget\" data-widget_type=\"text-editor.default\">\n\t\t\t\t<div class=\"elementor-widget-container\">\n\t\t\t\t\t\t\t\t\t<p>Seria de picturi \u201eDoctrina Secret\u0103\u201d al arti\u0219tilor Grev Kafi (Evdochia Fidelskaia \u0219i Grigorii Kabachn\u00eei) reprezint\u0103 o \u00eentruchipare artistic\u0103 profund\u0103 \u0219i p\u0103trunz\u0103toare a ideilor esen\u021biale ale filosofiei ezoterice, a\u0219a cum sunt expuse \u00een lucrarea Elenei Petrovna Blavatskaia. Create \u00een anii 1990, aceste opere sunt rodul unei c\u0103ut\u0103ri interioare de durat\u0103 \u0219i al unor reflec\u021bii contemplative asupra stanzelor din \u201eCartea lui Dzyan\u201d, dialogurilor lui Platon \u2013 \u201eBanchetul\u201d, \u201eTimaios\u201d, \u201eCritias\u201d \u2013 care abordeaz\u0103 teme precum androginul originar, pierderea Unit\u0103\u021bii primordiale \u0219i c\u0103derea Atlantidei, precum \u0219i asupra \u00eenv\u0103\u021b\u0103turilor altor mari filosofi, tradi\u021bii religioase \u0219i mitologii.<\/p><p>Printre lucr\u0103rile cele mai semnificative se num\u0103r\u0103:<br \/>\u201eE.P. Blavatskaia\u201d \u2013 o reprezentare a Blavatsk\u0103i care coboar\u0103 din Himalaya, sub c\u0103l\u0103uzirea Mahatmei Morya. Pictura exprim\u0103 misiunea ei de a aduce Lumina cunoa\u0219terii \u00een lume.<br \/>\u201eInsula Sacr\u0103\u201d \u0219i \u201eInsula Pa\u0219telui\u201d \u2013 imagini simbolice ale civiliza\u021biilor disp\u0103rute, care p\u0103streaz\u0103 misterele unui trecut uitat.<br \/>\u201eAndroginul\u201d \u0219i \u201eAdam \u0219i Eva\u201d \u2013 reflec\u021bii filosofice asupra integrit\u0103\u021bii sufletului \u0219i separ\u0103rii acestuia, inspirate de mituri \u0219i surse ezoterice.<br \/>\u201eDeva\u0219an\u201d \u2013 o reprezentare vizual\u0103 a st\u0103rii de dup\u0103 moarte descris\u0103 \u00een teosofie, ca un t\u0103r\u00e2m al luminii, p\u0103cii \u0219i energiilor subtile.<\/p><p>Arti\u0219tii Grev Kafi, inspira\u021bi de simbolism, misticism \u0219i filosofie, creeaz\u0103 picturi care trezesc introspec\u021bie profund\u0103 \u0219i \u00een\u021belegere intuitiv\u0103. Prin imagini \u0219i culoare, ei transmit idei universale despre unitatea existen\u021bei \u0219i evolu\u021bia spiritual\u0103, unind \u00een crea\u021bia lor diverse tradi\u021bii \u0219i culturi.<\/p><p>Aceste lucr\u0103ri nu sunt doar expresii estetice, ci \u0219i instrumente pentru medita\u021bie \u0219i revela\u021bie interioar\u0103, deschiz\u00e2nd privitorului por\u021bi c\u0103tre o realitate mai profund\u0103.<\/p>\t\t\t\t\t\t\t\t<\/div>\n\t\t\t\t<\/div>\n\t\t\t\t<div class=\"elementor-element elementor-element-ae3729a sc_height_medium animation_type_block sc_fly_static elementor-widget elementor-widget-spacer\" data-id=\"ae3729a\" data-element_type=\"widget\" data-widget_type=\"spacer.default\">\n\t\t\t\t<div class=\"elementor-widget-container\">\n\t\t\t\t\t\t\t<div class=\"elementor-spacer\">\n\t\t\t<div class=\"elementor-spacer-inner\"><\/div>\n\t\t<\/div>\n\t\t\t\t\t\t<\/div>\n\t\t\t\t<\/div>\n\t\t\t\t\t<\/div>\n\t\t<\/div>\n\t\t\t\t\t<\/div>\n\t\t<\/section>\n\t\t\t\t<\/div>\n\t\t","protected":false},"excerpt":{"rendered":"<p>Seria de picturi \u201eDoctrina Secret\u0103\u201d al arti\u0219tilor Grev Kafi (Evdochia Fidelskaia \u0219i Grigorii Kabachn\u00eei) reprezint\u0103 o \u00eentruchipare artistic\u0103 profund\u0103 \u0219i p\u0103trunz\u0103toare a ideilor esen\u021biale ale filosofiei ezoterice, a\u0219a cum sunt expuse \u00een lucrarea Elenei Petrovna Blavatskaia. Create \u00een anii 1990, aceste opere sunt rodul unei&hellip;<\/p>\n","protected":false},"author":1,"featured_media":0,"parent":0,"menu_order":0,"comment_status":"closed","ping_status":"closed","template":"","meta":{"footnotes":""},"class_list":["post-6792","page","type-page","status-publish","hentry"],"translation":{"provider":"WPGlobus","version":"3.0.0","language":"en","enabled_languages":["ro","ru","en"],"languages":{"ro":{"title":true,"content":true,"excerpt":false},"ru":{"title":false,"content":false,"excerpt":false},"en":{"title":false,"content":false,"excerpt":false}}},"_links":{"self":[{"href":"https:\/\/grevkafi.org\/en\/wp-json\/wp\/v2\/pages\/6792","targetHints":{"allow":["GET"]}}],"collection":[{"href":"https:\/\/grevkafi.org\/en\/wp-json\/wp\/v2\/pages"}],"about":[{"href":"https:\/\/grevkafi.org\/en\/wp-json\/wp\/v2\/types\/page"}],"author":[{"embeddable":true,"href":"https:\/\/grevkafi.org\/en\/wp-json\/wp\/v2\/users\/1"}],"replies":[{"embeddable":true,"href":"https:\/\/grevkafi.org\/en\/wp-json\/wp\/v2\/comments?post=6792"}],"version-history":[{"count":5,"href":"https:\/\/grevkafi.org\/en\/wp-json\/wp\/v2\/pages\/6792\/revisions"}],"predecessor-version":[{"id":6819,"href":"https:\/\/grevkafi.org\/en\/wp-json\/wp\/v2\/pages\/6792\/revisions\/6819"}],"wp:attachment":[{"href":"https:\/\/grevkafi.org\/en\/wp-json\/wp\/v2\/media?parent=6792"}],"curies":[{"name":"wp","href":"https:\/\/api.w.org\/{rel}","templated":true}]}}